{"id":6813,"date":"2023-05-26T14:59:20","date_gmt":"2023-05-26T12:59:20","guid":{"rendered":"https:\/\/solvingbros.com\/?page_id=6813"},"modified":"2023-06-07T15:33:01","modified_gmt":"2023-06-07T13:33:01","slug":"sobre-nosotros","status":"publish","type":"page","link":"https:\/\/solvingbros.com\/?page_id=6813","title":{"rendered":"Sobre nosotros"},"content":{"rendered":"<p>[et_pb_section fb_built=\u00bb1&#8243; _builder_version=\u00bb4.20.4&#8243; _module_preset=\u00bbdefault\u00bb background_color=\u00bb#000000&#8243; global_colors_info=\u00bb{}\u00bb][et_pb_row _builder_version=\u00bb4.20.4&#8243; _module_preset=\u00bbdefault\u00bb global_colors_info=\u00bb{}\u00bb][et_pb_column type=\u00bb4_4&#8243; _builder_version=\u00bb4.20.4&#8243; _module_preset=\u00bbdefault\u00bb global_colors_info=\u00bb{}\u00bb][et_pb_text _builder_version=\u00bb4.20.4&#8243; _module_preset=\u00bbdefault\u00bb global_colors_info=\u00bb{}\u00bb]<\/p>\n<h1 style=\"text-align: center;\"><strong><span style=\"color: #ffffff;\">Descubre SolvingBros<\/span><\/strong><\/h1>\n<p><strong><span style=\"color: #ffffff;\"><\/span><\/strong><\/p>\n<h1 style=\"text-align: center;\"><strong><span style=\"color: #ffffff;\">\u00a1La clave para materializar tus proyectos!<\/span><\/strong><\/h1>\n<p><strong><span style=\"color: #ffffff;\"><\/span><\/strong><\/p>\n<p><strong><span style=\"color: #ffffff;\"><\/span><\/strong><\/p>\n<p><strong><span style=\"color: #ffffff;\">En SolvingBros, nos apasiona llevar la magia y la innovaci\u00f3n a cada\u00a0<span style=\"caret-color: #ffffff;\">proyecto<\/span>. Somos expertos en hacer posible lo imposible. \u00bfTienes una idea audaz en mente? .Nosotros la convertimos en una realidad impresionante.<\/span><\/strong><\/p>\n<blockquote>\n<p><strong><span style=\"color: #ffffff;\">Nuestro enfoque se basa en utilizar tecnolog\u00edas de vanguardia, como el CNC, corte l\u00e1ser y la iluminaci\u00f3n LED, para crear experiencias \u00fanicas y sorprendentes. Con nuestra amplia gama de recursos y nuestro equipo altamente capacitado, no hay proyecto que consideremos imposible.<\/span><\/strong><\/p>\n<p><strong><span style=\"color: #ffffff;\">Desde la concepci\u00f3n hasta la ejecuci\u00f3n, trabajamos mano a mano contigo para hacer realidad tus sue\u00f1os. Entendemos que cada proyecto es \u00fanico y requiere una atenci\u00f3n especializada. Ya sea que est\u00e9s planeando una gran inauguraci\u00f3n, una\u00a0<span style=\"caret-color: #ffffff;\">presentaci\u00f3n<\/span>\u00a0o un espect\u00e1culo deslumbrante, estamos listos para superar tus expectativas y la de tus clientes.<\/span><\/strong><\/p>\n<\/blockquote>\n<p><strong><span style=\"color: #ffffff;\">Con m\u00e1s de 10 a\u00f1os de experiencia, hemos trabajado con algunas de las marcas m\u00e1s reconocidas de Espa\u00f1a. Nuestro \u00e9xito se basa en la dedicaci\u00f3n a la excelencia, la creatividad y la pasi\u00f3n por la perfecci\u00f3n. Nos enorgullece ser el socio confiable en el que puedes confiar para llevar tus\u00a0<span style=\"caret-color: #ffffff;\">proyectos\u00a0<\/span>\u00a0al siguiente nivel.<\/span><\/strong><\/p>\n<p><strong><span style=\"color: #ffffff;\">En SolvingBros, creemos firmemente que no hay nada imposible. Solo necesitamos que nos digas el tama\u00f1o de tu visi\u00f3n, y nos encargaremos de materializarla. Nuestro lema es convertir tus ideas en una realidad asombrosa.<\/span><\/strong><\/p>\n<p><strong><span style=\"color: #ffffff;\"><i>\u00bfListo para llevar\u00a0<\/i><span style=\"caret-color: #ffffff;\"><i>tus<\/i><\/span><i>\u00a0proyectos a nuevas alturas? Cont\u00e1ctanos hoy mismo y perm\u00edtenos mostrar c\u00f3mo SolvingBros puede transformar tus sue\u00f1os en momentos inolvidables.<\/i><\/span><\/strong><\/p>\n<p>[\/et_pb_text][\/et_pb_column][\/et_pb_row][et_pb_row column_structure=\u00bb1_4,1_4,1_4,1_4&#8243; _builder_version=\u00bb4.20.4&#8243; _module_preset=\u00bbdefault\u00bb global_colors_info=\u00bb{}\u00bb][et_pb_column type=\u00bb1_4&#8243; _builder_version=\u00bb4.20.4&#8243; _module_preset=\u00bbdefault\u00bb global_colors_info=\u00bb{}\u00bb][et_pb_image src=\u00bbhttps:\/\/solvingbros.com\/wp-content\/uploads\/2019\/11\/0218C49A-FEBB-4CF1-9181-4129EBD1FAA7.jpeg\u00bb title_text=\u00bb0218C49A-FEBB-4CF1-9181-4129EBD1FAA7&#8243; _builder_version=\u00bb4.20.4&#8243; _module_preset=\u00bbdefault\u00bb box_shadow_style=\u00bbpreset2&#8243; box_shadow_color=\u00bb#0C71C3&#8243; global_colors_info=\u00bb{}\u00bb][\/et_pb_image][\/et_pb_column][et_pb_column type=\u00bb1_4&#8243; _builder_version=\u00bb4.20.4&#8243; _module_preset=\u00bbdefault\u00bb global_colors_info=\u00bb{}\u00bb][et_pb_image src=\u00bbhttps:\/\/solvingbros.com\/wp-content\/uploads\/2019\/11\/478B7D3E-EE4E-4F40-B626-819A0F642138.jpeg\u00bb title_text=\u00bb478B7D3E-EE4E-4F40-B626-819A0F642138&#8243; _builder_version=\u00bb4.20.4&#8243; _module_preset=\u00bbdefault\u00bb box_shadow_style=\u00bbpreset2&#8243; box_shadow_color=\u00bb#E02B20&#8243; global_colors_info=\u00bb{}\u00bb][\/et_pb_image][\/et_pb_column][et_pb_column type=\u00bb1_4&#8243; _builder_version=\u00bb4.20.4&#8243; _module_preset=\u00bbdefault\u00bb global_colors_info=\u00bb{}\u00bb][et_pb_image src=\u00bbhttps:\/\/solvingbros.com\/wp-content\/uploads\/2019\/11\/2526E1C2-4611-41FB-B811-505070171FC0.jpeg\u00bb title_text=\u00bb2526E1C2-4611-41FB-B811-505070171FC0&#8243; _builder_version=\u00bb4.20.4&#8243; _module_preset=\u00bbdefault\u00bb box_shadow_style=\u00bbpreset2&#8243; box_shadow_color=\u00bb#FFFFFF\u00bb global_colors_info=\u00bb{}\u00bb][\/et_pb_image][\/et_pb_column][et_pb_column type=\u00bb1_4&#8243; _builder_version=\u00bb4.20.4&#8243; _module_preset=\u00bbdefault\u00bb global_colors_info=\u00bb{}\u00bb][et_pb_image src=\u00bbhttps:\/\/solvingbros.com\/wp-content\/uploads\/2020\/09\/D2267401-BF24-4C8D-B8BA-21E64E96A37A.jpeg\u00bb title_text=\u00bbD2267401-BF24-4C8D-B8BA-21E64E96A37A\u00bb _builder_version=\u00bb4.20.4&#8243; _module_preset=\u00bbdefault\u00bb box_shadow_style=\u00bbpreset2&#8243; box_shadow_color=\u00bb#E09900&#8243; global_colors_info=\u00bb{}\u00bb][\/et_pb_image][\/et_pb_column][\/et_pb_row][et_pb_row _builder_version=\u00bb4.20.4&#8243; _module_preset=\u00bbdefault\u00bb global_colors_info=\u00bb{}\u00bb][et_pb_column type=\u00bb4_4&#8243; _builder_version=\u00bb4.20.4&#8243; _module_preset=\u00bbdefault\u00bb global_colors_info=\u00bb{}\u00bb][et_pb_text _builder_version=\u00bb4.20.4&#8243; _module_preset=\u00bbdefault\u00bb global_colors_info=\u00bb{}\u00bb]<\/p>\n<p style=\"text-align: center;\"><span style=\"color: #ffffff;\"><strong>\u201cEl pintor que no duda, poco alcanza. Cuando la obra supera al juicio del que la produce, \u00e9ste logra escasos resultados. Y cuando el genio supera a la obra, esta obra nunca cesa de mejorar, si la ambici\u00f3n no lo impide.\u201d<\/strong><\/span><\/p>\n<p>[\/et_pb_text][\/et_pb_column][\/et_pb_row][et_pb_row _builder_version=\u00bb4.20.4&#8243; _module_preset=\u00bbdefault\u00bb global_colors_info=\u00bb{}\u00bb][et_pb_column type=\u00bb4_4&#8243; _builder_version=\u00bb4.20.4&#8243; _module_preset=\u00bbdefault\u00bb global_colors_info=\u00bb{}\u00bb][et_pb_video src=\u00bbhttps:\/\/solvingbros.com\/wp-content\/uploads\/2023\/05\/720p.mp4&#8243; play_icon_color=\u00bb#8300E9&#8243; _builder_version=\u00bb4.20.4&#8243; _module_preset=\u00bbdefault\u00bb box_shadow_style=\u00bbpreset2&#8243; box_shadow_color=\u00bb#8300E9&#8243; global_colors_info=\u00bb{}\u00bb][\/et_pb_video][\/et_pb_column][\/et_pb_row][\/et_pb_section]<\/p>\n","protected":false},"excerpt":{"rendered":"<p>Descubre SolvingBros \u00a1La clave para materializar tus proyectos! En SolvingBros, nos apasiona llevar la magia y la innovaci\u00f3n a cada\u00a0proyecto. Somos expertos en hacer posible lo imposible. \u00bfTienes una idea audaz en mente? .Nosotros la convertimos en una realidad impresionante. Nuestro enfoque se basa en utilizar tecnolog\u00edas de vanguardia, como el CNC, corte l\u00e1ser y [&hellip;]<\/p>\n","protected":false},"author":9,"featured_media":0,"parent":0,"menu_order":0,"comment_status":"closed","ping_status":"closed","template":"","meta":{"_et_pb_use_builder":"on","_et_pb_old_content":"","_et_gb_content_width":"","footnotes":""},"class_list":["post-6813","page","type-page","status-publish","hentry"],"_links":{"self":[{"href":"https:\/\/solvingbros.com\/index.php?rest_route=\/wp\/v2\/pages\/6813","targetHints":{"allow":["GET"]}}],"collection":[{"href":"https:\/\/solvingbros.com\/index.php?rest_route=\/wp\/v2\/pages"}],"about":[{"href":"https:\/\/solvingbros.com\/index.php?rest_route=\/wp\/v2\/types\/page"}],"author":[{"embeddable":true,"href":"https:\/\/solvingbros.com\/index.php?rest_route=\/wp\/v2\/users\/9"}],"replies":[{"embeddable":true,"href":"https:\/\/solvingbros.com\/index.php?rest_route=%2Fwp%2Fv2%2Fcomments&post=6813"}],"version-history":[{"count":15,"href":"https:\/\/solvingbros.com\/index.php?rest_route=\/wp\/v2\/pages\/6813\/revisions"}],"predecessor-version":[{"id":6841,"href":"https:\/\/solvingbros.com\/index.php?rest_route=\/wp\/v2\/pages\/6813\/revisions\/6841"}],"wp:attachment":[{"href":"https:\/\/solvingbros.com\/index.php?rest_route=%2Fwp%2Fv2%2Fmedia&parent=6813"}],"curies":[{"name":"wp","href":"https:\/\/api.w.org\/{rel}","templated":true}]}}